{"id":6,"date":"2018-05-04T13:03:04","date_gmt":"2018-05-04T13:03:04","guid":{"rendered":"http:\/\/fundacjamarczynskiej.pl\/?page_id=6"},"modified":"2018-05-08T10:44:00","modified_gmt":"2018-05-08T10:44:00","slug":"o-fundacji","status":"publish","type":"page","link":"http:\/\/fundacjamarczynskiej.pl\/?page_id=6","title":{"rendered":"O Fundacji"},"content":{"rendered":"<p>Fundacja dzia\u0142a od 2007 roku przy Salezja\u0144skim O\u015brodku Wychowawczym w R\u00f3\u017canymstoku.<\/p>\n<p>G\u0142\u00f3wne cele:<\/p>\n<ul>\n<li>dzia\u0142alno\u015b\u0107 na rzecz rozwoju m\u0142odego cz\u0142owieka- jego wychowania i edukacji,<\/li>\n<li>przeciwdzia\u0142anie procesom demoralizacji m\u0142odzie\u017cy i pomoc w przezwyci\u0119\u017ceniu trudno\u015bci \u017cyciowych.<\/li>\n<\/ul>\n<p>Spos\u00f3b realizacji cel\u00f3w:<\/p>\n<ul>\n<li>tworzenie i prowadzenie szk\u00f3\u0142, m\u0142odzie\u017cowych o\u015brodk\u00f3w wychowawczych oraz dom\u00f3w dziecka i mieszka\u0144 chronionych,<\/li>\n<li>prace badawcze w zakresie prawid\u0142owego rozwoju spo\u0142ecznego dzieci i m\u0142odzie\u017cy,<\/li>\n<li>organizowanie wypoczynku dla dzieci, i m\u0142odzie\u017cy,<\/li>\n<li>dzia\u0142alno\u015b\u0107 na rzecz wyeliminowania patologii spo\u0142ecznych,<\/li>\n<li>przeciwdzia\u0142anie i profilaktyka uzale\u017cnie\u0144,<\/li>\n<li>dzia\u0142alno\u015b\u0107 w zakresie promowania i wspierania dzia\u0142alno\u015bci kulturalnej i ochrony dziedzictwa kulturowego,<\/li>\n<li>ochrona i promocja \u015brodowiska naturalnego, krajobrazu, zasob\u00f3w historyczno-kulturowych,<\/li>\n<li>podejmowanie dzia\u0142a\u0144 ekologicznych,<\/li>\n<li>dzia\u0142anie na rzecz turystyki, popularyzacja i rozw\u00f3j wyrob\u00f3w regionalnych.<\/li>\n<\/ul>\n","protected":false},"excerpt":{"rendered":"<p>Fundacja dzia\u0142a od 2007 roku przy Salezja\u0144skim O\u015brodku Wychowawczym w R\u00f3\u017canymstoku. G\u0142\u00f3wne cele: dzia\u0142alno\u015b\u0107 na rzecz rozwoju m\u0142odego cz\u0142owieka- jego wychowania i edukacji, przeciwdzia\u0142anie procesom demoralizacji m\u0142odzie\u017cy i pomoc w przezwyci\u0119\u017ceniu trudno\u015bci \u017cyciowych. Spos\u00f3b realizacji cel\u00f3w: tworzenie i prowadzenie szk\u00f3\u0142, m\u0142odzie\u017cowych o\u015brodk\u00f3w wychowawczych oraz dom\u00f3w dziecka i mieszka\u0144 chronionych, prace &hellip;<\/p>\n","protected":false},"author":1,"featured_media":0,"parent":0,"menu_order":0,"comment_status":"closed","ping_status":"closed","template":"","meta":{"footnotes":""},"class_list":["post-6","page","type-page","status-publish","hentry"],"_links":{"self":[{"href":"http:\/\/fundacjamarczynskiej.pl\/index.php?rest_route=\/wp\/v2\/pages\/6"}],"collection":[{"href":"http:\/\/fundacjamarczynskiej.pl\/index.php?rest_route=\/wp\/v2\/pages"}],"about":[{"href":"http:\/\/fundacjamarczynskiej.pl\/index.php?rest_route=\/wp\/v2\/types\/page"}],"author":[{"embeddable":true,"href":"http:\/\/fundacjamarczynskiej.pl\/index.php?rest_route=\/wp\/v2\/users\/1"}],"replies":[{"embeddable":true,"href":"http:\/\/fundacjamarczynskiej.pl\/index.php?rest_route=%2Fwp%2Fv2%2Fcomments&post=6"}],"version-history":[{"count":4,"href":"http:\/\/fundacjamarczynskiej.pl\/index.php?rest_route=\/wp\/v2\/pages\/6\/revisions"}],"predecessor-version":[{"id":136,"href":"http:\/\/fundacjamarczynskiej.pl\/index.php?rest_route=\/wp\/v2\/pages\/6\/revisions\/136"}],"wp:attachment":[{"href":"http:\/\/fundacjamarczynskiej.pl\/index.php?rest_route=%2Fwp%2Fv2%2Fmedia&parent=6"}],"curies":[{"name":"wp","href":"https:\/\/api.w.org\/{rel}","templated":true}]}}